{"id":1774,"date":"2025-11-29T22:07:51","date_gmt":"2025-11-29T21:07:51","guid":{"rendered":"https:\/\/jenefumeplus.org\/jnfp\/?page_id=1774"},"modified":"2026-01-06T17:13:00","modified_gmt":"2026-01-06T16:13:00","slug":"je-ne-fume-plus-jnfp","status":"publish","type":"page","link":"https:\/\/jenefumeplus.org\/jnfp\/","title":{"rendered":"Je ne fume plus ! #JNFP"},"content":{"rendered":"\n<div class=\"wp-block-columns is-layout-flex wp-container-core-columns-is-layout-9d6595d7 wp-block-columns-is-layout-flex\">\n<div class=\"wp-block-column is-layout-flow wp-block-column-is-layout-flow\">\n<figure class=\"wp-block-image size-large\"><img loading=\"lazy\" decoding=\"async\" width=\"2048\" height=\"653\" src=\"https:\/\/jenefumeplus.org\/jnfp\/wp-content\/uploads\/2023\/08\/cropped-Logo-JNFP-2069x702-2-2048x653.png\" alt=\"\" class=\"wp-image-1770\" srcset=\"https:\/\/jenefumeplus.org\/jnfp\/wp-content\/uploads\/2023\/08\/cropped-Logo-JNFP-2069x702-2-2048x653.png 2048w, https:\/\/jenefumeplus.org\/jnfp\/wp-content\/uploads\/2023\/08\/cropped-Logo-JNFP-2069x702-2-300x96.png 300w, https:\/\/jenefumeplus.org\/jnfp\/wp-content\/uploads\/2023\/08\/cropped-Logo-JNFP-2069x702-2-768x245.png 768w, https:\/\/jenefumeplus.org\/jnfp\/wp-content\/uploads\/2023\/08\/cropped-Logo-JNFP-2069x702-2-1536x489.png 1536w, https:\/\/jenefumeplus.org\/jnfp\/wp-content\/uploads\/2023\/08\/cropped-Logo-JNFP-2069x702-2-850x271.png 850w\" sizes=\"auto, (max-width: 2048px) 100vw, 2048px\" \/><\/figure>\n\n\n\n<div class=\"wp-block-columns is-layout-flex wp-container-core-columns-is-layout-9d6595d7 wp-block-columns-is-layout-flex\">\n<div class=\"wp-block-column is-layout-flow wp-block-column-is-layout-flow\">\n<h2 class=\"wp-block-heading has-text-align-center\"><strong><mark style=\"background-color:#ffffff\" class=\"has-inline-color has-vivid-cyan-blue-color\">&#8220;Porter la parole des d\u00e9fumeurs&#8221;<\/mark><\/strong><\/h2>\n<\/div>\n<\/div>\n\n\n\n<div class=\"wp-block-columns is-layout-flex wp-container-core-columns-is-layout-9d6595d7 wp-block-columns-is-layout-flex\">\n<div class=\"wp-block-column is-layout-flow wp-block-column-is-layout-flow\">\n<div class=\"wp-block-columns is-layout-flex wp-container-core-columns-is-layout-9d6595d7 wp-block-columns-is-layout-flex\">\n<div class=\"wp-block-column is-layout-flow wp-block-column-is-layout-flow\">\n<h2 class=\"wp-block-heading\">Le projet AS&#8217;TER Bretagne<\/h2>\n\n\n\n<figure class=\"wp-block-image size-full\"><img loading=\"lazy\" decoding=\"async\" width=\"1085\" height=\"620\" src=\"https:\/\/jenefumeplus.org\/jnfp\/wp-content\/uploads\/2026\/01\/Logo-ASTER-FS.jpg\" alt=\"\" class=\"wp-image-1780\" srcset=\"https:\/\/jenefumeplus.org\/jnfp\/wp-content\/uploads\/2026\/01\/Logo-ASTER-FS.jpg 1085w, https:\/\/jenefumeplus.org\/jnfp\/wp-content\/uploads\/2026\/01\/Logo-ASTER-FS-300x171.jpg 300w, https:\/\/jenefumeplus.org\/jnfp\/wp-content\/uploads\/2026\/01\/Logo-ASTER-FS-768x439.jpg 768w, https:\/\/jenefumeplus.org\/jnfp\/wp-content\/uploads\/2026\/01\/Logo-ASTER-FS-850x486.jpg 850w\" sizes=\"auto, (max-width: 1085px) 100vw, 1085px\" \/><\/figure>\n\n\n\n<p>Le projet AS\u2019TER Bretagne r\u00e9pond \u00e0 une urgence sanitaire bien connue mais encore trop peu couverte: accompagner vers l\u2019arr\u00eat du tabac les personnes les plus pr\u00e9caires et les plus malades. Malgr\u00e9 la baisse globale du tabagisme en Bretagne, un \u201cnoyau dur\u201d de consommateurs de tabac fum\u00e9 persiste : patients avec BPCO, cancer, maladies cardiovasculaires, ou en situation de pr\u00e9carit\u00e9. Ce sont parfois les oubli\u00e9s des dispositifs classiques, alors qu\u2019ils sont les plus expos\u00e9s aux cons\u00e9quences du tabagisme.<\/p>\n\n\n\n<p>La pair-aidance tabac est au rendez-vous, en \u00e9quipe avec les tabacologues de proximit\u00e9, associ\u00e9e \u00e0 une sensibilisation des professionnels de sant\u00e9 de premier recours.<\/p>\n<\/div>\n\n\n\n<div class=\"wp-block-column is-layout-flow wp-block-column-is-layout-flow\">\n<h2 class=\"wp-block-heading\">Dialogues autour de la d\u00e9fume<\/h2>\n\n\n\n<figure class=\"extendedwopts-md-center wp-block-image size-full\"><a href=\"http:\/\/jenefumeplus.fr\/podcasts\"><img loading=\"lazy\" decoding=\"async\" width=\"707\" height=\"1000\" src=\"https:\/\/jenefumeplus.org\/jnfp\/wp-content\/uploads\/2026\/01\/Flyer-Podcasts-One-page.jpg\" alt=\"\" class=\"wp-image-1778\" srcset=\"https:\/\/jenefumeplus.org\/jnfp\/wp-content\/uploads\/2026\/01\/Flyer-Podcasts-One-page.jpg 707w, https:\/\/jenefumeplus.org\/jnfp\/wp-content\/uploads\/2026\/01\/Flyer-Podcasts-One-page-212x300.jpg 212w, https:\/\/jenefumeplus.org\/jnfp\/wp-content\/uploads\/2026\/01\/Flyer-Podcasts-One-page-300x424.jpg 300w\" sizes=\"auto, (max-width: 707px) 100vw, 707px\" \/><\/a><\/figure>\n<\/div>\n<\/div>\n<\/div>\n<\/div>\n\n\n\n<h2 class=\"wp-block-heading\">L&#8217;association Je ne fume plus ! #JNFP<\/h2>\n\n\n\n<div class=\"wp-block-columns is-layout-flex wp-container-core-columns-is-layout-9d6595d7 wp-block-columns-is-layout-flex\">\n<div class=\"wp-block-column is-layout-flow wp-block-column-is-layout-flow\">\n<p class=\"has-text-align-left\">Fond\u00e9e en 2017 avec le soutien du Fonds Addict\u2019AIDE \u201cProfesseur Michel Reynaud\u201d, l\u2019association Je ne fume plus ! #JNFP d\u00e9veloppe des actions d\u2019autosupport sur les r\u00e9seaux sociaux, s\u2019engage en pr\u00e9vention pour aller vers les fumeurs dans les entreprises et les structures de sant\u00e9, collabore avec des ARS pour des projets financ\u00e9s par le Fonds de Lutte contre les Addictions, participe au Comit\u00e9 d\u2019interface de Sant\u00e9 Publique France, forme des pair-aidants et des soignants \u00e0 l\u2019accompagnement du sevrage tabagique, contribue \u00e0 la veille et l\u2019information sur l\u2019addiction au tabac fum\u00e9 et les outils de sevrage sur Facebook, X, Bluesky et Instagram, propose des podcasts sur l\u2019arr\u00eat du tabac en collaboration avec la Fondation AFNIC.<\/p>\n<\/div>\n<\/div>\n<\/div>\n<\/div>\n\n\n\n<h2 class=\"wp-block-heading\">Le groupe Facebook Je ne fume plus ! #JNFP<\/h2>\n\n\n\n<p>Cr\u00e9\u00e9 en 2013, il a accueilli plus de 55000 fumeurs et compte en 2026 plus de 27 000 membres actifs, qui s\u2019entraident pour arr\u00eater de fumer.<\/p>\n\n\n\n<p>T\u00e9moignages, information juste \u00e0 temps, animation motivationnelle, les 40 animateurs form\u00e9s sont pr\u00e9sents au quotidien pour encourager et informer les membres. Une mod\u00e9ration bienveillante permet de garantir la s\u00e9curit\u00e9 \u00e9motionnelle de chacun.<\/p>\n\n\n\n<h2 class=\"wp-block-heading\"><strong>Acteur de la sant\u00e9 publique<\/strong><\/h2>\n\n\n\n<p>L\u2019association #JNFP est partenaire de Sant\u00e9 Publique France, des ARS Bretagne et Pays de la Loire, des collectifs Mois sans tabac en Bretagne, Hauts de France, du Fonds Addict\u2019AIDE, de la Fondation AFNIC membre de la FNAS, de la FFA. Elle d\u00e9veloppe des projets autour de l\u2019autosupport, de la pair-aidance dans les addictions, de la mobilisation des acteurs autour des projets de d\u00e9fume<\/p>\n\n\n\n<h2 class=\"wp-block-heading\"><strong>Acteur de la pr\u00e9vention<\/strong><\/h2>\n\n\n\n<p>L\u2019association #JNFP a d\u00e9velopp\u00e9 une expertise de terrain dans l\u2019\u201daller vers\u201d et le RPIB dans les entreprises, les structures de sant\u00e9, les ESAT, le \u201cTabac Dating\u201d. Une intervention coconstruite avec les \u00e9quipes sant\u00e9 et SQVT qui \u201cbouscule l\u2019ambivalence\u201d et permet aux fumeurs de repartir avec des \u00e9chantilons, de la documentation, et un projet de d\u00e9fume enclench\u00e9 ou en devenir, mais accompagn\u00e9 en local.<\/p>\n\n\n\n<h2 class=\"wp-block-heading\"><strong>Une activit\u00e9 reconnue et r\u00e9compens\u00e9e<\/strong><\/h2>\n\n\n\n<p>Premier prix SFT du m\u00e9moire de tabacologie (2017), Prix de la fondation de l\u2019avenir (2019), Prix Maurice Tubiana (2024)<\/p>\n","protected":false},"excerpt":{"rendered":"<p>&#8220;Porter la parole des d\u00e9fumeurs&#8221; Le projet AS&#8217;TER Bretagne Le projet AS\u2019TER Bretagne r\u00e9pond \u00e0 une urgence sanitaire bien connue mais encore trop peu couverte: accompagner vers l\u2019arr\u00eat du tabac les personnes les plus pr\u00e9caires et les plus malades. Malgr\u00e9 la baisse globale du tabagisme en Bretagne, un \u201cnoyau dur\u201d de consommateurs de tabac fum\u00e9&#8230;<\/p>\n","protected":false},"author":1,"featured_media":0,"parent":0,"menu_order":0,"comment_status":"closed","ping_status":"closed","template":"templates\/full-width-template.php","meta":{"iawp_total_views":346,"footnotes":""},"class_list":["post-1774","page","type-page","status-publish","hentry"],"yoast_head":"<!-- This site is optimized with the Yoast SEO plugin v27.3 - https:\/\/yoast.com\/product\/yoast-seo-wordpress\/ -->\n<title>Je ne fume plus ! #JNFP - Je ne fume plus ! #JNFP<\/title>\n<meta name=\"robots\" content=\"index, follow, max-snippet:-1, max-image-preview:large, max-video-preview:-1\" \/>\n<link rel=\"canonical\" href=\"https:\/\/jenefumeplus.org\/jnfp\/\" \/>\n<meta property=\"og:locale\" content=\"fr_FR\" \/>\n<meta property=\"og:type\" content=\"article\" \/>\n<meta property=\"og:title\" content=\"Je ne fume plus ! #JNFP - Je ne fume plus ! #JNFP\" \/>\n<meta property=\"og:description\" content=\"&#8220;Porter la parole des d\u00e9fumeurs&#8221; Le projet AS&#8217;TER Bretagne Le projet AS\u2019TER Bretagne r\u00e9pond \u00e0 une urgence sanitaire bien connue mais encore trop peu couverte: accompagner vers l\u2019arr\u00eat du tabac les personnes les plus pr\u00e9caires et les plus malades. Malgr\u00e9 la baisse globale du tabagisme en Bretagne, un \u201cnoyau dur\u201d de consommateurs de tabac fum\u00e9...\" \/>\n<meta property=\"og:url\" content=\"https:\/\/jenefumeplus.org\/jnfp\/\" \/>\n<meta property=\"og:site_name\" content=\"Je ne fume plus ! #JNFP\" \/>\n<meta property=\"article:modified_time\" content=\"2026-01-06T16:13:00+00:00\" \/>\n<meta property=\"og:image\" content=\"https:\/\/jenefumeplus.org\/jnfp\/wp-content\/uploads\/2023\/08\/cropped-Logo-JNFP-2069x702-2.png\" \/>\n\t<meta property=\"og:image:width\" content=\"2200\" \/>\n\t<meta property=\"og:image:height\" content=\"701\" \/>\n\t<meta property=\"og:image:type\" content=\"image\/png\" \/>\n<meta name=\"twitter:card\" content=\"summary_large_image\" \/>\n<meta name=\"twitter:label1\" content=\"Dur\u00e9e de lecture estim\u00e9e\" \/>\n\t<meta name=\"twitter:data1\" content=\"3 minutes\" \/>\n<script type=\"application\/ld+json\" class=\"yoast-schema-graph\">{\"@context\":\"https:\\\/\\\/schema.org\",\"@graph\":[{\"@type\":\"WebPage\",\"@id\":\"https:\\\/\\\/jenefumeplus.org\\\/jnfp\\\/\",\"url\":\"https:\\\/\\\/jenefumeplus.org\\\/jnfp\\\/\",\"name\":\"Je ne fume plus ! #JNFP - Je ne fume plus ! #JNFP\",\"isPartOf\":{\"@id\":\"https:\\\/\\\/jenefumeplus.org\\\/jnfp\\\/#website\"},\"primaryImageOfPage\":{\"@id\":\"https:\\\/\\\/jenefumeplus.org\\\/jnfp\\\/#primaryimage\"},\"image\":{\"@id\":\"https:\\\/\\\/jenefumeplus.org\\\/jnfp\\\/#primaryimage\"},\"thumbnailUrl\":\"https:\\\/\\\/jenefumeplus.org\\\/jnfp\\\/wp-content\\\/uploads\\\/2023\\\/08\\\/cropped-Logo-JNFP-2069x702-2-2048x653.png\",\"datePublished\":\"2025-11-29T21:07:51+00:00\",\"dateModified\":\"2026-01-06T16:13:00+00:00\",\"breadcrumb\":{\"@id\":\"https:\\\/\\\/jenefumeplus.org\\\/jnfp\\\/#breadcrumb\"},\"inLanguage\":\"fr-FR\",\"potentialAction\":[{\"@type\":\"ReadAction\",\"target\":[\"https:\\\/\\\/jenefumeplus.org\\\/jnfp\\\/\"]}]},{\"@type\":\"ImageObject\",\"inLanguage\":\"fr-FR\",\"@id\":\"https:\\\/\\\/jenefumeplus.org\\\/jnfp\\\/#primaryimage\",\"url\":\"https:\\\/\\\/jenefumeplus.org\\\/jnfp\\\/wp-content\\\/uploads\\\/2023\\\/08\\\/cropped-Logo-JNFP-2069x702-2.png\",\"contentUrl\":\"https:\\\/\\\/jenefumeplus.org\\\/jnfp\\\/wp-content\\\/uploads\\\/2023\\\/08\\\/cropped-Logo-JNFP-2069x702-2.png\",\"width\":2200,\"height\":701},{\"@type\":\"BreadcrumbList\",\"@id\":\"https:\\\/\\\/jenefumeplus.org\\\/jnfp\\\/#breadcrumb\",\"itemListElement\":[{\"@type\":\"ListItem\",\"position\":1,\"name\":\"Accueil\",\"item\":\"https:\\\/\\\/jenefumeplus.org\\\/jnfp\\\/\"},{\"@type\":\"ListItem\",\"position\":2,\"name\":\"Je ne fume plus ! #JNFP\"}]},{\"@type\":\"WebSite\",\"@id\":\"https:\\\/\\\/jenefumeplus.org\\\/jnfp\\\/#website\",\"url\":\"https:\\\/\\\/jenefumeplus.org\\\/jnfp\\\/\",\"name\":\"Je ne fume plus ! #JNFP\",\"description\":\"Arr\u00eater de fumer, oui, mais pas tout-e seul-e !\",\"publisher\":{\"@id\":\"https:\\\/\\\/jenefumeplus.org\\\/jnfp\\\/#organization\"},\"potentialAction\":[{\"@type\":\"SearchAction\",\"target\":{\"@type\":\"EntryPoint\",\"urlTemplate\":\"https:\\\/\\\/jenefumeplus.org\\\/jnfp\\\/?s={search_term_string}\"},\"query-input\":{\"@type\":\"PropertyValueSpecification\",\"valueRequired\":true,\"valueName\":\"search_term_string\"}}],\"inLanguage\":\"fr-FR\"},{\"@type\":\"Organization\",\"@id\":\"https:\\\/\\\/jenefumeplus.org\\\/jnfp\\\/#organization\",\"name\":\"Je ne fume plus ! #JNFP\",\"url\":\"https:\\\/\\\/jenefumeplus.org\\\/jnfp\\\/\",\"logo\":{\"@type\":\"ImageObject\",\"inLanguage\":\"fr-FR\",\"@id\":\"https:\\\/\\\/jenefumeplus.org\\\/jnfp\\\/#\\\/schema\\\/logo\\\/image\\\/\",\"url\":\"https:\\\/\\\/jenefumeplus.org\\\/jnfp\\\/wp-content\\\/uploads\\\/2023\\\/08\\\/cropped-Logo-JNFP-2069x702-2.png\",\"contentUrl\":\"https:\\\/\\\/jenefumeplus.org\\\/jnfp\\\/wp-content\\\/uploads\\\/2023\\\/08\\\/cropped-Logo-JNFP-2069x702-2.png\",\"width\":2200,\"height\":701,\"caption\":\"Je ne fume plus ! #JNFP\"},\"image\":{\"@id\":\"https:\\\/\\\/jenefumeplus.org\\\/jnfp\\\/#\\\/schema\\\/logo\\\/image\\\/\"}}]}<\/script>\n<!-- \/ Yoast SEO plugin. -->","yoast_head_json":{"title":"Je ne fume plus ! #JNFP - Je ne fume plus ! #JNFP","robots":{"index":"index","follow":"follow","max-snippet":"max-snippet:-1","max-image-preview":"max-image-preview:large","max-video-preview":"max-video-preview:-1"},"canonical":"https:\/\/jenefumeplus.org\/jnfp\/","og_locale":"fr_FR","og_type":"article","og_title":"Je ne fume plus ! #JNFP - Je ne fume plus ! #JNFP","og_description":"&#8220;Porter la parole des d\u00e9fumeurs&#8221; Le projet AS&#8217;TER Bretagne Le projet AS\u2019TER Bretagne r\u00e9pond \u00e0 une urgence sanitaire bien connue mais encore trop peu couverte: accompagner vers l\u2019arr\u00eat du tabac les personnes les plus pr\u00e9caires et les plus malades. Malgr\u00e9 la baisse globale du tabagisme en Bretagne, un \u201cnoyau dur\u201d de consommateurs de tabac fum\u00e9...","og_url":"https:\/\/jenefumeplus.org\/jnfp\/","og_site_name":"Je ne fume plus ! #JNFP","article_modified_time":"2026-01-06T16:13:00+00:00","og_image":[{"width":2200,"height":701,"url":"https:\/\/jenefumeplus.org\/jnfp\/wp-content\/uploads\/2023\/08\/cropped-Logo-JNFP-2069x702-2.png","type":"image\/png"}],"twitter_card":"summary_large_image","twitter_misc":{"Dur\u00e9e de lecture estim\u00e9e":"3 minutes"},"schema":{"@context":"https:\/\/schema.org","@graph":[{"@type":"WebPage","@id":"https:\/\/jenefumeplus.org\/jnfp\/","url":"https:\/\/jenefumeplus.org\/jnfp\/","name":"Je ne fume plus ! #JNFP - Je ne fume plus ! #JNFP","isPartOf":{"@id":"https:\/\/jenefumeplus.org\/jnfp\/#website"},"primaryImageOfPage":{"@id":"https:\/\/jenefumeplus.org\/jnfp\/#primaryimage"},"image":{"@id":"https:\/\/jenefumeplus.org\/jnfp\/#primaryimage"},"thumbnailUrl":"https:\/\/jenefumeplus.org\/jnfp\/wp-content\/uploads\/2023\/08\/cropped-Logo-JNFP-2069x702-2-2048x653.png","datePublished":"2025-11-29T21:07:51+00:00","dateModified":"2026-01-06T16:13:00+00:00","breadcrumb":{"@id":"https:\/\/jenefumeplus.org\/jnfp\/#breadcrumb"},"inLanguage":"fr-FR","potentialAction":[{"@type":"ReadAction","target":["https:\/\/jenefumeplus.org\/jnfp\/"]}]},{"@type":"ImageObject","inLanguage":"fr-FR","@id":"https:\/\/jenefumeplus.org\/jnfp\/#primaryimage","url":"https:\/\/jenefumeplus.org\/jnfp\/wp-content\/uploads\/2023\/08\/cropped-Logo-JNFP-2069x702-2.png","contentUrl":"https:\/\/jenefumeplus.org\/jnfp\/wp-content\/uploads\/2023\/08\/cropped-Logo-JNFP-2069x702-2.png","width":2200,"height":701},{"@type":"BreadcrumbList","@id":"https:\/\/jenefumeplus.org\/jnfp\/#breadcrumb","itemListElement":[{"@type":"ListItem","position":1,"name":"Accueil","item":"https:\/\/jenefumeplus.org\/jnfp\/"},{"@type":"ListItem","position":2,"name":"Je ne fume plus ! #JNFP"}]},{"@type":"WebSite","@id":"https:\/\/jenefumeplus.org\/jnfp\/#website","url":"https:\/\/jenefumeplus.org\/jnfp\/","name":"Je ne fume plus ! #JNFP","description":"Arr\u00eater de fumer, oui, mais pas tout-e seul-e !","publisher":{"@id":"https:\/\/jenefumeplus.org\/jnfp\/#organization"},"potentialAction":[{"@type":"SearchAction","target":{"@type":"EntryPoint","urlTemplate":"https:\/\/jenefumeplus.org\/jnfp\/?s={search_term_string}"},"query-input":{"@type":"PropertyValueSpecification","valueRequired":true,"valueName":"search_term_string"}}],"inLanguage":"fr-FR"},{"@type":"Organization","@id":"https:\/\/jenefumeplus.org\/jnfp\/#organization","name":"Je ne fume plus ! #JNFP","url":"https:\/\/jenefumeplus.org\/jnfp\/","logo":{"@type":"ImageObject","inLanguage":"fr-FR","@id":"https:\/\/jenefumeplus.org\/jnfp\/#\/schema\/logo\/image\/","url":"https:\/\/jenefumeplus.org\/jnfp\/wp-content\/uploads\/2023\/08\/cropped-Logo-JNFP-2069x702-2.png","contentUrl":"https:\/\/jenefumeplus.org\/jnfp\/wp-content\/uploads\/2023\/08\/cropped-Logo-JNFP-2069x702-2.png","width":2200,"height":701,"caption":"Je ne fume plus ! #JNFP"},"image":{"@id":"https:\/\/jenefumeplus.org\/jnfp\/#\/schema\/logo\/image\/"}}]}},"_links":{"self":[{"href":"https:\/\/jenefumeplus.org\/jnfp\/index.php\/wp-json\/wp\/v2\/pages\/1774","targetHints":{"allow":["GET"]}}],"collection":[{"href":"https:\/\/jenefumeplus.org\/jnfp\/index.php\/wp-json\/wp\/v2\/pages"}],"about":[{"href":"https:\/\/jenefumeplus.org\/jnfp\/index.php\/wp-json\/wp\/v2\/types\/page"}],"author":[{"embeddable":true,"href":"https:\/\/jenefumeplus.org\/jnfp\/index.php\/wp-json\/wp\/v2\/users\/1"}],"replies":[{"embeddable":true,"href":"https:\/\/jenefumeplus.org\/jnfp\/index.php\/wp-json\/wp\/v2\/comments?post=1774"}],"version-history":[{"count":4,"href":"https:\/\/jenefumeplus.org\/jnfp\/index.php\/wp-json\/wp\/v2\/pages\/1774\/revisions"}],"predecessor-version":[{"id":1784,"href":"https:\/\/jenefumeplus.org\/jnfp\/index.php\/wp-json\/wp\/v2\/pages\/1774\/revisions\/1784"}],"wp:attachment":[{"href":"https:\/\/jenefumeplus.org\/jnfp\/index.php\/wp-json\/wp\/v2\/media?parent=1774"}],"curies":[{"name":"wp","href":"https:\/\/api.w.org\/{rel}","templated":true}]}}